{"id":2977,"date":"2022-08-10T11:45:02","date_gmt":"2022-08-10T09:45:02","guid":{"rendered":"https:\/\/nurtcentrum.pl\/privacy-policy\/"},"modified":"2026-01-24T07:40:58","modified_gmt":"2026-01-24T06:40:58","slug":"privacy-policy","status":"publish","type":"page","link":"https:\/\/nurtcentrum.pl\/en\/privacy-policy\/","title":{"rendered":"Privacy policy"},"content":{"rendered":"\t\t<div data-elementor-type=\"wp-page\" data-elementor-id=\"2977\" class=\"elementor elementor-2977 elementor-46\" data-elementor-post-type=\"page\">\n\t\t\t\t<div class=\"elementor-element elementor-element-d1fd86f e-flex e-con-boxed e-con e-parent\" data-id=\"d1fd86f\" data-element_type=\"container\" data-e-type=\"container\" data-settings=\"{&quot;jet_parallax_layout_list&quot;:[]}\">\n\t\t\t\t\t<div class=\"e-con-inner\">\n\t\t<div class=\"elementor-element elementor-element-8d80a09 e-flex e-con-boxed e-con e-child\" data-id=\"8d80a09\" data-element_type=\"container\" data-e-type=\"container\" data-settings=\"{&quot;jet_parallax_layout_list&quot;:[]}\">\n\t\t\t\t\t<div class=\"e-con-inner\">\n\t\t\t\t<div class=\"elementor-element elementor-element-5b4c706 elementor-widget elementor-widget-heading\" data-id=\"5b4c706\" data-element_type=\"widget\" data-e-type=\"widget\" data-widget_type=\"heading.default\">\n\t\t\t\t<div class=\"elementor-widget-container\">\n\t\t\t\t\t<h2 class=\"elementor-heading-title elementor-size-default\">Privacy policy<\/h2>\t\t\t\t<\/div>\n\t\t\t\t<\/div>\n\t\t\t\t<div class=\"elementor-element elementor-element-f93a90c elementor-widget elementor-widget-text-editor\" data-id=\"f93a90c\" data-element_type=\"widget\" data-e-type=\"widget\" data-widget_type=\"text-editor.default\">\n\t\t\t\t<div class=\"elementor-widget-container\">\n\t\t\t\t\t\t\t\t\t<h1 style=\"text-align: center;\"><strong>Cookies<\/strong><\/h1><h2 style=\"text-align: center;\">What are Cookies?<\/h2><p>Cookies are small text files stored on the user\u2019s device (e.g., computer, tablet, smartphone) while using a website. Cookies allow, among other things, the recognition of the user\u2019s device, customization of the website appearance according to user preferences, remembering settings, as well as analyzing traffic and conducting marketing activities.  <\/p><p>They are generated automatically by web browsers when visiting and using websites. Cookies are sent by the website and stored on the user\u2019s device. Data obtained via cookies can only be read by the website that created the cookie, nurtcentrum.pl. The website does not have access to cookies that it did not create and for which no access has been granted.   <\/p><p>Cookies are used to facilitate the use of the website by the user or by adapting user-friendly content through the website.<\/p><h2 style=\"text-align: center;\">Who is the administrator of your data?<\/h2><p>The administrator of your personal data is:<br>NURT CENTRUM TERAPII SP\u00d3\u0141KA Z OGRANICZON\u0104 ODPOWIEDZIALNO\u015aCI\u0104, headquartered in Gda\u0144sk (address: al. Grunwaldzka 505\/4, 80-320 Gda\u0144sk), registered in KRS \u2013 NIP: 5842841286.<\/p><h2 style=\"text-align: center;\">Purpose of using cookies by NURT Centrum Terapii Sp. z o.o.:<\/h2><p style=\"text-align: left;\">Technical Cookies<br>Legal basis: legitimate interest of the administrator (Art. 6(1)(f) GDPR)<\/p><p>Purpose:<br>&#8211; Ensuring the proper functioning of the website<br>&#8211; Maintaining user sessions<br>&#8211; Remembering consent\/decline of cookies<\/p><p>Data collected:<br>&#8211; IP address<br>&#8211; Time spent on the website<br>&#8211; Locations from which the website is accessed<br>&#8211; Device used to access the website<br>&#8211; Decisions made regarding cookies<br>&#8211; Purpose: to remember whether consent for cookie usage was given<\/p><p>Storage period: up to 1 year<\/p><p>Marketing Cookies<br>Legal basis: user consent (Art. 6(1)(a) GDPR)<b><\/b><\/p><p>Purpose:<br>&#8211; Personalizing advertisements<br>&#8211; Remarketing<\/p><p>Services: Google Ads (Google Ireland Limited)<b><\/b><\/p><p>Data collected:<br>&#8211; IP address<br>&#8211; Advertising identifiers<br>&#8211; Browsing history<\/p><p>Storage period: up to 18 months<\/p><p>Statistical Cookies<br>Legal basis: user consent (Art. 6(1)(a) GDPR)<b><\/b><\/p><p>Purpose:<br>&#8211; Measuring website traffic<br>&#8211; Analyzing user behavior<\/p><p>Services: Google Analytics 4 (Google Ireland Limited)<b><\/b><\/p><p>Data collected:<br>&#8211; IP address<br>&#8211; Device type<br>&#8211; Browser<br>&#8211; Operating system<br>&#8211; Time spent on the website<\/p><p>Storage period: up to 26 months<\/p><h2 style=\"text-align: center;\">Data recipients<\/h2><p>Data collected via cookies may be shared with:<\/p><ul><li>Google Ireland Limited, Gordon House, Barrow Street, Dublin 4, Ireland \u2013 for Google Analytics and Google Ads services.<\/li><li>Google may transfer data to entities in third countries (e.g., USA). Data transfer is based on Standard Contractual Clauses (SCC) approved by the European Commission. <\/li><\/ul><h2 style=\"text-align: center;\">Consent to cookies<\/h2><p>On your first visit to the website, a cookies banner is displayed, allowing you to:<\/p><ul><li>Accept all cookies<\/li><li>Decline marketing and statistical cookies<\/li><li>Manage consent by category<\/li><\/ul><p>Users can change or withdraw consent at any time by clicking the button in the lower right corner of the website.<\/p><p>Some cookies are downloaded by the web browser when entering the website. To block cookies, use the method applicable to your specific web browser: <\/p><ul><li><a href=\"https:\/\/support.mozilla.org\/pl\/kb\/blokowanie-ciasteczek\">Firefox<\/a><\/li><li><a href=\"https:\/\/support.google.com\/chrome\/#topic=7438008\">Chrome<\/a><\/li><li><a href=\"https:\/\/support.microsoft.com\/pl-pl\/products\/windows\">Microsoft Edge<\/a><\/li><li><a href=\"https:\/\/help.opera.com\/Windows\/12.10\/pl\/cookies.html\">Opera<\/a><\/li><li><a href=\"https:\/\/support.apple.com\/kb\/PH19214?viewlocale=pl_PL&amp;locale=pl_PL\">Safari<\/a><\/li><\/ul><p>The inability to save\/read cookies may result in incomplete or incorrect operation of the website, but using the site will still be possible.<\/p><h2 style=\"text-align: center;\">&#8230;&#8230;&#8230;&#8230;&#8230;&#8230;&#8230;&#8230;&#8230;&#8230;&#8230;&#8230;&#8230;&#8230;&#8230;&#8230;..<\/h2><h1 style=\"text-align: center;\"><strong>Regulations for Using Contact Forms on www.nurtcentrum.pl<\/strong><\/h1><p><strong>Data Controller<\/strong><\/p><p>The administrator of personal data is:<br>NURT Centrum Terapii<br>Address: al. Grunwaldzka 505\/4, 80-320 Gda\u0144sk<br>Email: <strong><a href=\"mailto:rejestracja@nurtcentrum.pl\">rejestracja@nurtcentrum.pl<\/a><\/strong><br>Phone: +48 608 400 506 <\/p><p><strong>What data do we collect?<\/strong><\/p><p>Through the contact form, we collect the following personal data:<br>&#8211; Full name<br>&#8211; Phone number<br>&#8211; Email address<br>&#8211; Message content<\/p><p><strong>Purpose and legal basis for data processing<\/strong><\/p><p>Personal data are processed exclusively for the purpose of:<br>&#8211; Contacting you and responding to your inquiry<br>&#8211; In the case of registration for group sessions \u2013 also to notify you when registration opens for a new group<\/p><p>Legal basis: <strong>Art. 6(1)(b) GDPR  <\/strong> \u2013 processing is necessary for the performance of a contract or for taking steps at the request of the data subject prior to entering into a contract.<\/p><p><strong>Data recipients<\/strong><\/p><p>Personal data may be shared with entities providing services to the Administrator, such as IT service providers, who process data based on a data processing agreement.<\/p><p><strong>Data retention period<\/strong><\/p><p>Data will be stored for the period necessary to achieve the purpose for which it was collected, and thereafter for the period required by law.<br>In the case of registration for group sessions, data may be stored until the recruitment process for a new group is completed or until consent for processing is withdrawn.<\/p><p><strong>Rights of data subjects<\/strong><\/p><p>You have the right to:<br>&#8211; Access your personal data<br>&#8211; Correct your data<br>&#8211; Delete your data<br>&#8211; Restrict processing<br>&#8211; Data portability<br>&#8211; Object to processing<br>&#8211; Withdraw consent at any time (without affecting the lawfulness of processing before withdrawal)<\/p><p><strong>Right to lodge a complaint<\/strong><\/p><p>In case of violation of personal data protection regulations, you have the right to lodge a complaint with the President of the Personal Data Protection Office.<\/p><p><strong>Voluntary provision of data<\/strong><\/p><p>Providing data is voluntary, but necessary to enable contact, respond to inquiries, and (in the case of registration for group sessions) to receive information about the opening of a new group.<\/p><h2 style=\"text-align: center;\">&#8230;&#8230;&#8230;&#8230;&#8230;&#8230;&#8230;&#8230;&#8230;&#8230;&#8230;&#8230;&#8230;&#8230;&#8230;&#8230;..<\/h2><h2 style=\"text-align: center;\">Other information related to the data processing process<\/h2><p>Any questions regarding our policies can be obtained via email: rejestracja@nurtcentrum.pl<\/p><p>Furthermore, information about the personal data controller and the rights of individuals can be found at the specified address: https:\/\/nurtcentrum.pl\/en\/privacy-policy\/<\/p><p>In case of a violation of personal data protection regulations, you have the right to lodge a complaint with the <a href=\"https:\/\/uodo.gov.pl\/\">President of the Personal Data Protection Office<\/a>.<\/p><div dir=\"ltr\"><div><p>This policy may be updated periodically due to changes in regulations or technology. Last updated: 10.06.2025 <\/p><\/div><\/div><div class=\"yj6qo ajU\"> <\/div>\t\t\t\t\t\t\t\t<\/div>\n\t\t\t\t<\/div>\n\t\t\t\t\t<\/div>\n\t\t\t\t<\/div>\n\t\t\t\t\t<\/div>\n\t\t\t\t<\/div>\n\t\t\t\t<\/div>\n\t\t","protected":false},"excerpt":{"rendered":"<p>Privacy policy Cookies What are Cookies? Cookies are small text files stored on the user\u2019s device (e.g., computer, tablet, smartphone) while using a website. Cookies allow, among other things, the recognition of the user\u2019s device, customization of the website appearance according to user preferences, remembering settings, as well as analyzing traffic and conducting marketing activities. [&hellip;]<\/p>\n","protected":false},"author":1,"featured_media":0,"parent":0,"menu_order":0,"comment_status":"closed","ping_status":"closed","template":"","meta":{"footnotes":""},"class_list":["post-2977","page","type-page","status-publish","hentry"],"yoast_head":"<!-- This site is optimized with the Yoast SEO plugin v26.7 - https:\/\/yoast.com\/wordpress\/plugins\/seo\/ -->\n<title>Privacy policy - NURT Centrum Terapii<\/title>\n<meta name=\"robots\" content=\"index, follow, max-snippet:-1, max-image-preview:large, max-video-preview:-1\" \/>\n<link rel=\"canonical\" href=\"https:\/\/nurtcentrum.pl\/en\/privacy-policy\/\" \/>\n<meta property=\"og:locale\" content=\"en_US\" \/>\n<meta property=\"og:type\" content=\"article\" \/>\n<meta property=\"og:title\" content=\"Privacy policy - NURT Centrum Terapii\" \/>\n<meta property=\"og:description\" content=\"Privacy policy Cookies What are Cookies? Cookies are small text files stored on the user\u2019s device (e.g., computer, tablet, smartphone) while using a website. Cookies allow, among other things, the recognition of the user\u2019s device, customization of the website appearance according to user preferences, remembering settings, as well as analyzing traffic and conducting marketing activities. [&hellip;]\" \/>\n<meta property=\"og:url\" content=\"https:\/\/nurtcentrum.pl\/en\/privacy-policy\/\" \/>\n<meta property=\"og:site_name\" content=\"NURT Centrum Terapii\" \/>\n<meta property=\"article:publisher\" content=\"https:\/\/www.facebook.com\/nurtcentrum\" \/>\n<meta property=\"article:modified_time\" content=\"2026-01-24T06:40:58+00:00\" \/>\n<meta property=\"og:image\" content=\"https:\/\/nurtcentrum.pl\/wp-content\/uploads\/2024\/05\/nurt-02.png\" \/>\n\t<meta property=\"og:image:width\" content=\"1200\" \/>\n\t<meta property=\"og:image:height\" content=\"628\" \/>\n\t<meta property=\"og:image:type\" content=\"image\/png\" \/>\n<meta name=\"twitter:card\" content=\"summary_large_image\" \/>\n<meta name=\"twitter:label1\" content=\"Est. reading time\" \/>\n\t<meta name=\"twitter:data1\" content=\"4 minutes\" \/>\n<script type=\"application\/ld+json\" class=\"yoast-schema-graph\">{\"@context\":\"https:\/\/schema.org\",\"@graph\":[{\"@type\":\"WebPage\",\"@id\":\"https:\/\/nurtcentrum.pl\/en\/privacy-policy\/\",\"url\":\"https:\/\/nurtcentrum.pl\/en\/privacy-policy\/\",\"name\":\"Privacy policy - NURT Centrum Terapii\",\"isPartOf\":{\"@id\":\"https:\/\/nurtcentrum.pl\/en\/#website\"},\"datePublished\":\"2022-08-10T09:45:02+00:00\",\"dateModified\":\"2026-01-24T06:40:58+00:00\",\"breadcrumb\":{\"@id\":\"https:\/\/nurtcentrum.pl\/en\/privacy-policy\/#breadcrumb\"},\"inLanguage\":\"en-US\",\"potentialAction\":[{\"@type\":\"ReadAction\",\"target\":[\"https:\/\/nurtcentrum.pl\/en\/privacy-policy\/\"]}]},{\"@type\":\"BreadcrumbList\",\"@id\":\"https:\/\/nurtcentrum.pl\/en\/privacy-policy\/#breadcrumb\",\"itemListElement\":[{\"@type\":\"ListItem\",\"position\":1,\"name\":\"Strona g\u0142\u00f3wna\",\"item\":\"https:\/\/nurtcentrum.pl\/en\/\"},{\"@type\":\"ListItem\",\"position\":2,\"name\":\"Privacy policy\"}]},{\"@type\":\"WebSite\",\"@id\":\"https:\/\/nurtcentrum.pl\/en\/#website\",\"url\":\"https:\/\/nurtcentrum.pl\/en\/\",\"name\":\"NURT - Centrum Terapii\",\"description\":\"\",\"publisher\":{\"@id\":\"https:\/\/nurtcentrum.pl\/en\/#organization\"},\"potentialAction\":[{\"@type\":\"SearchAction\",\"target\":{\"@type\":\"EntryPoint\",\"urlTemplate\":\"https:\/\/nurtcentrum.pl\/en\/?s={search_term_string}\"},\"query-input\":{\"@type\":\"PropertyValueSpecification\",\"valueRequired\":true,\"valueName\":\"search_term_string\"}}],\"inLanguage\":\"en-US\"},{\"@type\":\"Organization\",\"@id\":\"https:\/\/nurtcentrum.pl\/en\/#organization\",\"name\":\"NURT - Centrum Terapii\",\"url\":\"https:\/\/nurtcentrum.pl\/en\/\",\"logo\":{\"@type\":\"ImageObject\",\"inLanguage\":\"en-US\",\"@id\":\"https:\/\/nurtcentrum.pl\/en\/#\/schema\/logo\/image\/\",\"url\":\"https:\/\/nurtcentrum.pl\/wp-content\/uploads\/2024\/01\/Logo-przezroczyste.png\",\"contentUrl\":\"https:\/\/nurtcentrum.pl\/wp-content\/uploads\/2024\/01\/Logo-przezroczyste.png\",\"width\":693,\"height\":280,\"caption\":\"NURT - Centrum Terapii\"},\"image\":{\"@id\":\"https:\/\/nurtcentrum.pl\/en\/#\/schema\/logo\/image\/\"},\"sameAs\":[\"https:\/\/www.facebook.com\/nurtcentrum\",\"https:\/\/www.instagram.com\/nurtcentrum\/\"]}]}<\/script>\n<!-- \/ Yoast SEO plugin. -->","yoast_head_json":{"title":"Privacy policy - NURT Centrum Terapii","robots":{"index":"index","follow":"follow","max-snippet":"max-snippet:-1","max-image-preview":"max-image-preview:large","max-video-preview":"max-video-preview:-1"},"canonical":"https:\/\/nurtcentrum.pl\/en\/privacy-policy\/","og_locale":"en_US","og_type":"article","og_title":"Privacy policy - NURT Centrum Terapii","og_description":"Privacy policy Cookies What are Cookies? Cookies are small text files stored on the user\u2019s device (e.g., computer, tablet, smartphone) while using a website. Cookies allow, among other things, the recognition of the user\u2019s device, customization of the website appearance according to user preferences, remembering settings, as well as analyzing traffic and conducting marketing activities. [&hellip;]","og_url":"https:\/\/nurtcentrum.pl\/en\/privacy-policy\/","og_site_name":"NURT Centrum Terapii","article_publisher":"https:\/\/www.facebook.com\/nurtcentrum","article_modified_time":"2026-01-24T06:40:58+00:00","og_image":[{"width":1200,"height":628,"url":"https:\/\/nurtcentrum.pl\/wp-content\/uploads\/2024\/05\/nurt-02.png","type":"image\/png"}],"twitter_card":"summary_large_image","twitter_misc":{"Est. reading time":"4 minutes"},"schema":{"@context":"https:\/\/schema.org","@graph":[{"@type":"WebPage","@id":"https:\/\/nurtcentrum.pl\/en\/privacy-policy\/","url":"https:\/\/nurtcentrum.pl\/en\/privacy-policy\/","name":"Privacy policy - NURT Centrum Terapii","isPartOf":{"@id":"https:\/\/nurtcentrum.pl\/en\/#website"},"datePublished":"2022-08-10T09:45:02+00:00","dateModified":"2026-01-24T06:40:58+00:00","breadcrumb":{"@id":"https:\/\/nurtcentrum.pl\/en\/privacy-policy\/#breadcrumb"},"inLanguage":"en-US","potentialAction":[{"@type":"ReadAction","target":["https:\/\/nurtcentrum.pl\/en\/privacy-policy\/"]}]},{"@type":"BreadcrumbList","@id":"https:\/\/nurtcentrum.pl\/en\/privacy-policy\/#breadcrumb","itemListElement":[{"@type":"ListItem","position":1,"name":"Strona g\u0142\u00f3wna","item":"https:\/\/nurtcentrum.pl\/en\/"},{"@type":"ListItem","position":2,"name":"Privacy policy"}]},{"@type":"WebSite","@id":"https:\/\/nurtcentrum.pl\/en\/#website","url":"https:\/\/nurtcentrum.pl\/en\/","name":"NURT - Centrum Terapii","description":"","publisher":{"@id":"https:\/\/nurtcentrum.pl\/en\/#organization"},"potentialAction":[{"@type":"SearchAction","target":{"@type":"EntryPoint","urlTemplate":"https:\/\/nurtcentrum.pl\/en\/?s={search_term_string}"},"query-input":{"@type":"PropertyValueSpecification","valueRequired":true,"valueName":"search_term_string"}}],"inLanguage":"en-US"},{"@type":"Organization","@id":"https:\/\/nurtcentrum.pl\/en\/#organization","name":"NURT - Centrum Terapii","url":"https:\/\/nurtcentrum.pl\/en\/","logo":{"@type":"ImageObject","inLanguage":"en-US","@id":"https:\/\/nurtcentrum.pl\/en\/#\/schema\/logo\/image\/","url":"https:\/\/nurtcentrum.pl\/wp-content\/uploads\/2024\/01\/Logo-przezroczyste.png","contentUrl":"https:\/\/nurtcentrum.pl\/wp-content\/uploads\/2024\/01\/Logo-przezroczyste.png","width":693,"height":280,"caption":"NURT - Centrum Terapii"},"image":{"@id":"https:\/\/nurtcentrum.pl\/en\/#\/schema\/logo\/image\/"},"sameAs":["https:\/\/www.facebook.com\/nurtcentrum","https:\/\/www.instagram.com\/nurtcentrum\/"]}]}},"_links":{"self":[{"href":"https:\/\/nurtcentrum.pl\/en\/wp-json\/wp\/v2\/pages\/2977","targetHints":{"allow":["GET"]}}],"collection":[{"href":"https:\/\/nurtcentrum.pl\/en\/wp-json\/wp\/v2\/pages"}],"about":[{"href":"https:\/\/nurtcentrum.pl\/en\/wp-json\/wp\/v2\/types\/page"}],"author":[{"embeddable":true,"href":"https:\/\/nurtcentrum.pl\/en\/wp-json\/wp\/v2\/users\/1"}],"replies":[{"embeddable":true,"href":"https:\/\/nurtcentrum.pl\/en\/wp-json\/wp\/v2\/comments?post=2977"}],"version-history":[{"count":6,"href":"https:\/\/nurtcentrum.pl\/en\/wp-json\/wp\/v2\/pages\/2977\/revisions"}],"predecessor-version":[{"id":6021,"href":"https:\/\/nurtcentrum.pl\/en\/wp-json\/wp\/v2\/pages\/2977\/revisions\/6021"}],"wp:attachment":[{"href":"https:\/\/nurtcentrum.pl\/en\/wp-json\/wp\/v2\/media?parent=2977"}],"curies":[{"name":"wp","href":"https:\/\/api.w.org\/{rel}","templated":true}]}}